{"id":1161,"date":"2023-11-20T18:14:37","date_gmt":"2023-11-20T17:14:37","guid":{"rendered":"https:\/\/enjoylamarina.com\/arenabarbistro\/vinos\/"},"modified":"2024-01-10T12:46:00","modified_gmt":"2024-01-10T11:46:00","slug":"vinos","status":"publish","type":"page","link":"https:\/\/arenabarbistro.es\/fr\/vinos\/","title":{"rendered":"VIN"},"content":{"rendered":"  <div id=\"page-header-1398999018\" class=\"page-header-wrapper\">\n  <div class=\"page-title dark featured-title\">\n\n        <div class=\"page-title-bg\">\n      <div class=\"title-bg fill bg-fill\"\n        data-parallax-container=\".page-title\"\n        data-parallax-background\n        data-parallax=\"-\">\n      <\/div>\n      <div class=\"title-overlay fill\"><\/div>\n    <\/div>\n    \n    <div class=\"page-title-inner container align-center text-center flex-row-col medium-flex-wrap\" >\n              <div class=\"title-wrapper flex-col\">\n          <h1 class=\"entry-title mb-0\">\n            VIN          <\/h1>\n        <\/div>\n                    <div class=\"title-content flex-col\">\n        <div class=\"title-breadcrumbs pb-half pt-half\"><\/div>      <\/div>\n    <\/div>\n\n     \n<style>\n#page-header-1398999018 .title-bg {\n  background-image: url(https:\/\/arenabarbistro.es\/wp-content\/uploads\/2023\/11\/wine.jpg);\n}\n<\/style>\n  <\/div>\n    <\/div>\n  \n<div class=\"row\"  id=\"row-1413302311\">\n\n\t<div id=\"col-1140296480\" class=\"col medium-6 small-12 large-6\"  >\n\t\t\t\t<div class=\"col-inner\"  >\n\t\t\t\n\t\t\t\n<p><span style=\"font-size: 130%;\"><strong><span style=\"color: #993300;\">ROUGE <\/span><\/strong><\/span><br \/><strong>DE LA CASA: VI\u00d1ATERCERA CRIANZA, D.O. VALENCIA <\/strong><br \/> <img loading=\"lazy\" decoding=\"async\" class=\"alignnone size-medium wp-image-1147\" src=\"https:\/\/arenabarbistro.es\/wp-content\/uploads\/2023\/11\/copa.png\" alt=\"\" width=\"17\" height=\"50\"> 3,40\u20ac <a href=\"https:\/\/arenabarbistro.es\/fr\/vinos\/botella-2\/#main#main\" rel=\"attachment wp-att-1142\"><img loading=\"lazy\" decoding=\"async\" class=\"alignnone size-full wp-image-1142\" src=\"https:\/\/arenabarbistro.es\/wp-content\/uploads\/2023\/11\/botella.png\" alt=\"\" width=\"17\" height=\"50\"><\/a> 15,90\u20ac<br \/>Tempranillo y Monastrell, lisse et \u00e9quilibr\u00e9<\/p>\n<hr>\n<p><strong>OPTUM JOVEN, D.O. RIOJA ALAVESA <\/strong><br \/> <img loading=\"lazy\" decoding=\"async\" class=\"alignnone size-medium wp-image-1147\" src=\"https:\/\/arenabarbistro.es\/wp-content\/uploads\/2023\/11\/copa.png\" alt=\"\" width=\"17\" height=\"50\"> 3,70\u20ac <a href=\"https:\/\/arenabarbistro.es\/fr\/vinos\/botella-2\/#main#main\" rel=\"attachment wp-att-1142\"><img loading=\"lazy\" decoding=\"async\" class=\"alignnone size-full wp-image-1142\" src=\"https:\/\/arenabarbistro.es\/wp-content\/uploads\/2023\/11\/botella.png\" alt=\"\" width=\"17\" height=\"50\"><\/a> 16,90\u20ac<br \/>Tempranillo, frais et sec<\/p>\n<hr>\n<p><strong>PROTOS ROBLE 2021, D.O. RIBERA DE DUERO <\/strong><br \/> <img loading=\"lazy\" decoding=\"async\" class=\"alignnone size-medium wp-image-1147\" src=\"https:\/\/arenabarbistro.es\/wp-content\/uploads\/2023\/11\/copa.png\" alt=\"\" width=\"17\" height=\"50\"> 4,30\u20ac <a href=\"https:\/\/arenabarbistro.es\/fr\/vinos\/botella-2\/#main#main\" rel=\"attachment wp-att-1142\"><img loading=\"lazy\" decoding=\"async\" class=\"alignnone size-full wp-image-1142\" src=\"https:\/\/arenabarbistro.es\/wp-content\/uploads\/2023\/11\/botella.png\" alt=\"\" width=\"17\" height=\"50\"><\/a> 19,90\u20ac<br \/>Tempranillo, aromatique et frais<\/p>\n<hr>\n<p><strong>TORREDEROS CRIANZA 2018, D.O. RIBERA DE DUERO <\/strong><br \/> <a href=\"https:\/\/arenabarbistro.es\/fr\/vinos\/botella-2\/#main#main\" rel=\"attachment wp-att-1142\"><img loading=\"lazy\" decoding=\"async\" class=\"alignnone size-full wp-image-1142\" src=\"https:\/\/arenabarbistro.es\/wp-content\/uploads\/2023\/11\/botella.png\" alt=\"\" width=\"17\" height=\"50\"><\/a> 19,90\u20ac<br \/>Tempranillo, sec et puissant<\/p>\n<hr>\n<p><strong>OPTUM CRIANZA 2018, D.O. RIOJA ALAVESA <\/strong><br \/> <a href=\"https:\/\/arenabarbistro.es\/fr\/vinos\/botella-2\/#main#main\" rel=\"attachment wp-att-1142\"><img loading=\"lazy\" decoding=\"async\" class=\"alignnone size-full wp-image-1142\" src=\"https:\/\/arenabarbistro.es\/wp-content\/uploads\/2023\/11\/botella.png\" alt=\"\" width=\"17\" height=\"50\"><\/a> 18,90\u20ac<br \/>Tempranillo, sec et frais<\/p>\n<hr>\n<p><strong>LAS OCHO 2019, D.O. PAGO CHOZAS CARRASCAL (V) <\/strong><br \/> <a href=\"https:\/\/arenabarbistro.es\/fr\/vinos\/botella-2\/#main#main\" rel=\"attachment wp-att-1142\"><img loading=\"lazy\" decoding=\"async\" class=\"alignnone size-full wp-image-1142\" src=\"https:\/\/arenabarbistro.es\/wp-content\/uploads\/2023\/11\/botella.png\" alt=\"\" width=\"17\" height=\"50\"><\/a> 22,90\u20ac<br \/>Bodegas Chozas Carrascal, \u00e9labor\u00e9 \u00e0 partir de 8 c\u00e9pages, tr\u00e8s sp\u00e9cial<\/p>\n\t\t<\/div>\n\t\t\t\t\t<\/div>\n\n\t\n\n\t<div id=\"col-666552107\" class=\"col medium-6 small-12 large-6\"  >\n\t\t\t\t<div class=\"col-inner\"  >\n\t\t\t\n\t\t\t\n<p><span style=\"font-size: 130%; color: #c0c0c0;\"><strong>BLANC<\/strong><\/span><br \/><strong>DE LA CASA: VI\u00d1ATERCERA, (algo afrutado) D.O. VALENCIA<\/strong><br \/> <img loading=\"lazy\" decoding=\"async\" class=\"alignnone size-medium wp-image-1147\" src=\"https:\/\/arenabarbistro.es\/wp-content\/uploads\/2023\/11\/copa.png\" alt=\"\" width=\"17\" height=\"50\"> 3,40\u20ac <a href=\"https:\/\/arenabarbistro.es\/fr\/vinos\/botella-2\/#main#main\" rel=\"attachment wp-att-1142\"><img loading=\"lazy\" decoding=\"async\" class=\"alignnone size-full wp-image-1142\" src=\"https:\/\/arenabarbistro.es\/wp-content\/uploads\/2023\/11\/botella.png\" alt=\"\" width=\"17\" height=\"50\"><\/a> 15,90\u20ac<br \/>\u00e9labor\u00e9 \u00e0 partir de raisins indig\u00e8nes<\/p>\n<hr>\n<p><strong>GORGORITO, (seco) D.O. RUEDA <\/strong><br \/> <img loading=\"lazy\" decoding=\"async\" class=\"alignnone size-medium wp-image-1147\" src=\"https:\/\/arenabarbistro.es\/wp-content\/uploads\/2023\/11\/copa.png\" alt=\"\" width=\"17\" height=\"50\"> 3,40\u20ac <a href=\"https:\/\/arenabarbistro.es\/fr\/vinos\/botella-2\/#main#main\" rel=\"attachment wp-att-1142\"><img loading=\"lazy\" decoding=\"async\" class=\"alignnone size-full wp-image-1142\" src=\"https:\/\/arenabarbistro.es\/wp-content\/uploads\/2023\/11\/botella.png\" alt=\"\" width=\"17\" height=\"50\"><\/a> 15,90\u20ac<br \/>Viura et Verdejo<\/p>\n<hr>\n<p><strong>VI\u00d1ASOL TORRES, D.O. CATALU\u00d1A <\/strong><br \/> <img loading=\"lazy\" decoding=\"async\" class=\"alignnone size-medium wp-image-1147\" src=\"https:\/\/arenabarbistro.es\/wp-content\/uploads\/2023\/11\/copa.png\" alt=\"\" width=\"17\" height=\"50\"> 3,90\u20ac <a href=\"https:\/\/arenabarbistro.es\/fr\/vinos\/botella-2\/#main#main\" rel=\"attachment wp-att-1142\"><img loading=\"lazy\" decoding=\"async\" class=\"alignnone size-full wp-image-1142\" src=\"https:\/\/arenabarbistro.es\/wp-content\/uploads\/2023\/11\/botella.png\" alt=\"\" width=\"17\" height=\"50\"><\/a> 17,90\u20ac<br \/>Garnacha Blanca et Parrillada, frais et \u00e0 tout moment<\/p>\n<hr>\n<p><strong>RAM\u00d3N BILBAO VERDEJO, D.O. RUEDA <\/strong><br \/> <img loading=\"lazy\" decoding=\"async\" class=\"alignnone size-medium wp-image-1147\" src=\"https:\/\/arenabarbistro.es\/wp-content\/uploads\/2023\/11\/copa.png\" alt=\"\" width=\"17\" height=\"50\"> 3,90\u20ac <a href=\"https:\/\/arenabarbistro.es\/fr\/vinos\/botella-2\/#main#main\" rel=\"attachment wp-att-1142\"><img loading=\"lazy\" decoding=\"async\" class=\"alignnone size-full wp-image-1142\" src=\"https:\/\/arenabarbistro.es\/wp-content\/uploads\/2023\/11\/botella.png\" alt=\"\" width=\"17\" height=\"50\"><\/a> 17,90\u20ac<br \/>Verdejo, l\u00e9ger et sec<\/p>\n<hr>\n<p><strong>VALDELANA, D.O. RIOJA<\/strong> <br \/> <img loading=\"lazy\" decoding=\"async\" class=\"alignnone size-medium wp-image-1147\" src=\"https:\/\/arenabarbistro.es\/wp-content\/uploads\/2023\/11\/copa.png\" alt=\"\" width=\"17\" height=\"50\"> 3,90\u20ac <a href=\"https:\/\/arenabarbistro.es\/fr\/vinos\/botella-2\/#main#main\" rel=\"attachment wp-att-1142\"><img loading=\"lazy\" decoding=\"async\" class=\"alignnone size-full wp-image-1142\" src=\"https:\/\/arenabarbistro.es\/wp-content\/uploads\/2023\/11\/botella.png\" alt=\"\" width=\"17\" height=\"50\"><\/a> 17,90\u20ac<br \/>Malvasia et Viura, mi-sucr\u00e9<\/p>\n<hr>\n<p><strong>MURVIEDRO CHARDONNAY, D.O. VALENCIA <\/strong><br \/> <img loading=\"lazy\" decoding=\"async\" class=\"alignnone size-medium wp-image-1147\" src=\"https:\/\/arenabarbistro.es\/wp-content\/uploads\/2023\/11\/copa.png\" alt=\"\" width=\"17\" height=\"50\"> 3,70\u20ac <a href=\"https:\/\/arenabarbistro.es\/fr\/vinos\/botella-2\/#main#main\" rel=\"attachment wp-att-1142\"><img loading=\"lazy\" decoding=\"async\" class=\"alignnone size-full wp-image-1142\" src=\"https:\/\/arenabarbistro.es\/wp-content\/uploads\/2023\/11\/botella.png\" alt=\"\" width=\"17\" height=\"50\"><\/a> 16,90\u20ac<br \/>Chardonnay, quelque peu sec et frais<\/p>\n\t\t<\/div>\n\t\t\t\t\t<\/div>\n\n\t\n<\/div>\n<div class=\"row\"  id=\"row-718528530\">\n\n\t<div id=\"col-884822221\" class=\"col medium-6 small-12 large-6\"  >\n\t\t\t\t<div class=\"col-inner\"  >\n\t\t\t\n\t\t\t\n<p><span style=\"font-size: 130%; color: #f7c1d7;\"><strong>ROSE<\/strong><\/span><br \/>DE LA CASA: SINFO, D.O. CIGALES <br \/> <img loading=\"lazy\" decoding=\"async\" class=\"alignnone size-medium wp-image-1147\" src=\"https:\/\/arenabarbistro.es\/wp-content\/uploads\/2023\/11\/copa.png\" alt=\"\" width=\"17\" height=\"50\"> 3,40\u20ac <a href=\"https:\/\/arenabarbistro.es\/fr\/vinos\/botella-2\/#main#main\" rel=\"attachment wp-att-1142\"><img loading=\"lazy\" decoding=\"async\" class=\"alignnone size-full wp-image-1142\" src=\"https:\/\/arenabarbistro.es\/wp-content\/uploads\/2023\/11\/botella.png\" alt=\"\" width=\"17\" height=\"50\"><\/a> 15,90\u20ac<br \/>vari\u00e9t\u00e9 Tempranillo, Verdejo &amp; Albillo mayor, sec<\/p>\n<hr>\n<p><strong>ROS\u00c9 MARINE, D.O. CHOZAS CARRASCAL (V) <\/strong><br \/> <img loading=\"lazy\" decoding=\"async\" class=\"alignnone size-medium wp-image-1147\" src=\"https:\/\/arenabarbistro.es\/wp-content\/uploads\/2023\/11\/copa.png\" alt=\"\" width=\"17\" height=\"50\"> 3,70\u20ac <a href=\"https:\/\/arenabarbistro.es\/fr\/vinos\/botella-2\/#main#main\" rel=\"attachment wp-att-1142\"><img loading=\"lazy\" decoding=\"async\" class=\"alignnone size-full wp-image-1142\" src=\"https:\/\/arenabarbistro.es\/wp-content\/uploads\/2023\/11\/botella.png\" alt=\"\" width=\"17\" height=\"50\"><\/a> 16,90\u20ac<br \/>Garnacha, frais et agr\u00e9able en bouche<\/p>\n<hr>\n<p><strong>ALMA BOHEMIA DE ALTANZA, D.O. RIOJA ALTA <\/strong><br \/> <img loading=\"lazy\" decoding=\"async\" class=\"alignnone size-medium wp-image-1147\" src=\"https:\/\/arenabarbistro.es\/wp-content\/uploads\/2023\/11\/copa.png\" alt=\"\" width=\"17\" height=\"50\"> 3,90\u20ac <a href=\"https:\/\/arenabarbistro.es\/fr\/vinos\/botella-2\/#main#main\" rel=\"attachment wp-att-1142\"><img loading=\"lazy\" decoding=\"async\" class=\"alignnone size-full wp-image-1142\" src=\"https:\/\/arenabarbistro.es\/wp-content\/uploads\/2023\/11\/botella.png\" alt=\"\" width=\"17\" height=\"50\"><\/a> 17,90\u20acTempranillo &amp; Viura, un peu doux, frais<\/p>\n\t\t<\/div>\n\t\t\t\t\t<\/div>\n\n\t\n\n\t<div id=\"col-230946624\" class=\"col medium-6 small-12 large-6\"  >\n\t\t\t\t<div class=\"col-inner\"  >\n\t\t\t\n\t\t\t\n\t\t<\/div>\n\t\t\t\t\t<\/div>\n\n\t\n<\/div>\n","protected":false},"excerpt":{"rendered":"","protected":false},"author":2,"featured_media":0,"parent":0,"menu_order":0,"comment_status":"closed","ping_status":"closed","template":"","meta":{"_joinchat":[],"footnotes":""},"class_list":["post-1161","page","type-page","status-publish","hentry"],"_links":{"self":[{"href":"https:\/\/arenabarbistro.es\/fr\/wp-json\/wp\/v2\/pages\/1161","targetHints":{"allow":["GET"]}}],"collection":[{"href":"https:\/\/arenabarbistro.es\/fr\/wp-json\/wp\/v2\/pages"}],"about":[{"href":"https:\/\/arenabarbistro.es\/fr\/wp-json\/wp\/v2\/types\/page"}],"author":[{"embeddable":true,"href":"https:\/\/arenabarbistro.es\/fr\/wp-json\/wp\/v2\/users\/2"}],"replies":[{"embeddable":true,"href":"https:\/\/arenabarbistro.es\/fr\/wp-json\/wp\/v2\/comments?post=1161"}],"version-history":[{"count":5,"href":"https:\/\/arenabarbistro.es\/fr\/wp-json\/wp\/v2\/pages\/1161\/revisions"}],"predecessor-version":[{"id":1365,"href":"https:\/\/arenabarbistro.es\/fr\/wp-json\/wp\/v2\/pages\/1161\/revisions\/1365"}],"wp:attachment":[{"href":"https:\/\/arenabarbistro.es\/fr\/wp-json\/wp\/v2\/media?parent=1161"}],"curies":[{"name":"wp","href":"https:\/\/api.w.org\/{rel}","templated":true}]}}